{"id":29,"date":"2016-06-02T09:00:04","date_gmt":"2016-06-02T09:00:04","guid":{"rendered":"http:\/\/lespetitschalets.com\/?page_id=29"},"modified":"2025-10-29T11:23:16","modified_gmt":"2025-10-29T10:23:16","slug":"contact-2","status":"publish","type":"page","link":"https:\/\/volutbeaute.com\/?page_id=29","title":{"rendered":"Contact last"},"content":{"rendered":"<p><section class=\"fw-main-row \"  >\n\t<div class=\"fw-container\">\n\t\t<div class=\"fw-row\">\n\t<div class=\"fw-col-xs-12\">\n\t<div class=\"fw-map\" data-locations=\"[{&quot;title&quot;:&quot;&quot;,&quot;url&quot;:&quot;&quot;,&quot;thumb&quot;:false,&quot;coordinates&quot;:{&quot;lat&quot;:43.6902824,&quot;lng&quot;:3.8071758},&quot;description&quot;:&quot;&quot;}]\" data-map-type=\"ROADMAP\" data-map-height=\"460\" data-gmap-key=\"AIzaSyB4TtFmI2IYkZdux8O0s58PTcCG8l1An4Y\" data-disable-scrolling=\"\" >\n\t<div class=\"fw-map-canvas\"><\/div>\n<\/div><\/div>\n<\/div>\n\n\t<\/div>\n<\/section>\n<section class=\"fw-main-row \"  >\n\t<div class=\"fw-container\">\n\t\t<div class=\"fw-row\">\n\t<div class=\"fw-col-xs-12\">\n\t[space shortcode_name=\u00a0\u00bb\u00a0\u00bb height=\u00a0\u00bb85&Prime; responsive=\u00a0\u00bb{&quot;desktop_display&quot;:{&quot;selected&quot;:&quot;yes&quot;},&quot;tablet_landscape_display&quot;:{&quot;selected&quot;:&quot;yes&quot;},&quot;tablet_display&quot;:{&quot;selected&quot;:&quot;yes&quot;},&quot;smartphone_display&quot;:{&quot;selected&quot;:&quot;no&quot;}}\u00a0\u00bb _array_keys=\u00a0\u00bb{&quot;responsive&quot;:&quot;responsive&quot;}\u00a0\u00bb _made_with_builder=\u00a0\u00bbtrue\u00a0\u00bb][\/space]<\/div>\n<\/div>\n\n<div class=\"fw-row\">\n\t<div class=\"fw-col-xs-12\">\n\t<div class=\"fw-heading fw-heading-Array \">\n\t\t<Array class='fw-special-title'><\/Array>\t\t\t<div class=\"fw-special-subtitle\">DEMANDE D'INFORMATION<\/div>\n\t<\/div><div class=\"fw-heading fw-heading-Array \">\n\t\t<Array class='fw-special-title'>Contactez-nous maintenant<\/Array>\t<\/div>[space shortcode_name=\u00a0\u00bb\u00a0\u00bb height=\u00a0\u00bb45&Prime; responsive=\u00a0\u00bb{&quot;desktop_display&quot;:{&quot;selected&quot;:&quot;yes&quot;},&quot;tablet_landscape_display&quot;:{&quot;selected&quot;:&quot;yes&quot;},&quot;tablet_display&quot;:{&quot;selected&quot;:&quot;yes&quot;},&quot;smartphone_display&quot;:{&quot;selected&quot;:&quot;no&quot;}}\u00a0\u00bb _array_keys=\u00a0\u00bb{&quot;responsive&quot;:&quot;responsive&quot;}\u00a0\u00bb _made_with_builder=\u00a0\u00bbtrue\u00a0\u00bb][\/space]<\/div>\n<\/div>\n\n<div class=\"fw-row\">\n\t<div class=\"fw-col-xs-12 fw-col-sm-9\">\n\t<div class=\"form-wrapper fw-contact-form contact-form\">\n\t<form data-fw-form-id=\"fw_form\" method=\"post\" action=\"https:\/\/volutbeaute.com\/index.php?rest_route=%2Fwp%2Fv2%2Fpages%2F29\" class=\"fw_form_fw_form\" data-fw-ext-forms-type=\"contact-forms\"  ><input type=\"hidden\" name=\"fwf\" value=\"fw_form\" \/><input type=\"hidden\" id=\"_nonce_d096e17589641aa534d1279d5f172627\" name=\"_nonce_d096e17589641aa534d1279d5f172627\" value=\"feac139239\" \/><input type=\"hidden\" name=\"_wp_http_referer\" value=\"\/index.php?rest_route=%2Fwp%2Fv2%2Fpages%2F29\" \/><input type=\"hidden\" name=\"fw_ext_forms_form_type\" value=\"contact-forms\" \/><input type=\"hidden\" name=\"fw_ext_forms_form_id\" value=\"c39418f46b779902b6acff02db8818e6\" \/><div class=\"wrap-forms\">\n\t<div class=\"fw-row\"><\/div><div class=\"fw-row\"><div class=\"fw-col-xs-12 fw-col-sm-4 form-builder-item\">\n\t<div class=\"field-text\">\n\t\t\t\t<label for=\"id-1\">NOM :\t\t\t\t\t<\/label>\n\t\t\t\t<input type=\"text\" name=\"text_65b3ff5\" placeholder=\"Saisissez votre nom\" value=\"\" id=\"id-1\" >\n\t\t\t<\/div>\n<\/div><div class=\"fw-col-xs-12 fw-col-sm-4 form-builder-item\">\n\t<div class=\"field-text\">\n\t\t\t\t<label for=\"id-2\">N\u00b0 DE T\u00c9L\u00c9PHONE :\t\t\t\t\t<\/label>\n\t\t\t\t<input type=\"text\" name=\"text_1d8333f\" placeholder=\"Votre num\u00e9ro de t\u00e9l\u00e9phone\" value=\"\" id=\"id-2\" >\n\t\t\t<\/div>\n<\/div><div class=\"fw-col-xs-12 fw-col-sm-4 form-builder-item\">\n\t<div class=\"field-text\">\n\t\t\t\t<label for=\"id-3\">ADRESSE EMAIL :\t\t\t\t\t<\/label>\n\t\t\t\t<input type=\"text\" name=\"email_5ec83cc\" placeholder=\"votreemail@mail.com\" value=\"\" id=\"id-3\" >\n\t\t\t<\/div>\n<\/div><\/div><div class=\"fw-row\"><div class=\"fw-col-xs-12 form-builder-item\">\n\t<div class=\"field-textarea\">\n\t\t\t\t<label for=\"id-4\">MESSAGE :\t\t\t\t\t<\/label>\n\t\t\t\t<textarea name=\"textarea_158e2af\" placeholder=\"\u00c9crivez votre message\" id=\"id-4\" ><\/textarea>\n\t\t\t<\/div>\n<\/div><\/div><div class=\"fw-row\"><\/div><\/div><div>\n\t<input type=\"submit\" value=\"Soumettre\"\/>\n<\/div><\/form><\/div><\/div>\n<div class=\"fw-col-xs-12 fw-col-sm-3\">\n\t[space shortcode_name=\u00a0\u00bb\u00a0\u00bb height=\u00a0\u00bb25&Prime; responsive=\u00a0\u00bb{&quot;desktop_display&quot;:{&quot;selected&quot;:&quot;yes&quot;},&quot;tablet_landscape_display&quot;:{&quot;selected&quot;:&quot;yes&quot;},&quot;tablet_display&quot;:{&quot;selected&quot;:&quot;yes&quot;},&quot;smartphone_display&quot;:{&quot;selected&quot;:&quot;yes&quot;}}\u00a0\u00bb _array_keys=\u00a0\u00bb{&quot;responsive&quot;:&quot;responsive&quot;}\u00a0\u00bb _made_with_builder=\u00a0\u00bbtrue\u00a0\u00bb][\/space]<div class=\"fw-heading fw-heading-Array \">\n\t\t<Array class='fw-special-title'>ADRESSE<\/Array>\t\t\t<div class=\"fw-special-subtitle\">VOLUT'BEAUT\u00c9<br>P\u00f4le Beaut\u00e9 & Bien-\u00eatre<br>18 bis, avenue du Clapas,<br>34980 Saint-G\u00e9ly-du-Fesc<\/div>\n\t<\/div>[space shortcode_name=\u00a0\u00bb\u00a0\u00bb height=\u00a0\u00bb10&Prime; responsive=\u00a0\u00bb{&quot;desktop_display&quot;:{&quot;selected&quot;:&quot;yes&quot;},&quot;tablet_landscape_display&quot;:{&quot;selected&quot;:&quot;yes&quot;},&quot;tablet_display&quot;:{&quot;selected&quot;:&quot;yes&quot;},&quot;smartphone_display&quot;:{&quot;selected&quot;:&quot;yes&quot;}}\u00a0\u00bb _array_keys=\u00a0\u00bb{&quot;responsive&quot;:&quot;responsive&quot;}\u00a0\u00bb _made_with_builder=\u00a0\u00bbtrue\u00a0\u00bb][\/space]<div class=\"fw-heading fw-heading-Array \">\n\t\t<Array class='fw-special-title'>T\u00c9L\u00c9PHONE<\/Array>\t\t\t<div class=\"fw-special-subtitle\">+33 (0)6 76 84 10 03<\/div>\n\t<\/div>[space shortcode_name=\u00a0\u00bb\u00a0\u00bb height=\u00a0\u00bb10&Prime; responsive=\u00a0\u00bb{&quot;desktop_display&quot;:{&quot;selected&quot;:&quot;yes&quot;},&quot;tablet_landscape_display&quot;:{&quot;selected&quot;:&quot;yes&quot;},&quot;tablet_display&quot;:{&quot;selected&quot;:&quot;yes&quot;},&quot;smartphone_display&quot;:{&quot;selected&quot;:&quot;yes&quot;}}\u00a0\u00bb _array_keys=\u00a0\u00bb{&quot;responsive&quot;:&quot;responsive&quot;}\u00a0\u00bb _made_with_builder=\u00a0\u00bbtrue\u00a0\u00bb][\/space]<div class=\"fw-heading fw-heading-Array \">\n\t\t<Array class='fw-special-title'>EMAIL<\/Array>\t\t\t<div class=\"fw-special-subtitle\">contact@volutbeaute.com<\/div>\n\t<\/div>[space shortcode_name=\u00a0\u00bb\u00a0\u00bb height=\u00a0\u00bb10&Prime; responsive=\u00a0\u00bb{&quot;desktop_display&quot;:{&quot;selected&quot;:&quot;yes&quot;},&quot;tablet_landscape_display&quot;:{&quot;selected&quot;:&quot;yes&quot;},&quot;tablet_display&quot;:{&quot;selected&quot;:&quot;yes&quot;},&quot;smartphone_display&quot;:{&quot;selected&quot;:&quot;yes&quot;}}\u00a0\u00bb _array_keys=\u00a0\u00bb{&quot;responsive&quot;:&quot;responsive&quot;}\u00a0\u00bb _made_with_builder=\u00a0\u00bbtrue\u00a0\u00bb][\/space]<div class=\"fw-heading fw-heading-Array \">\n\t\t<Array class='fw-special-title'>HORAIRES<\/Array>\t\t\t<div class=\"fw-special-subtitle\">Du lundi au vendredi<br>De 10h30 \u00e0 19h<\/div>\n\t<\/div>[space shortcode_name=\u00a0\u00bb\u00a0\u00bb height=\u00a0\u00bb10&Prime; responsive=\u00a0\u00bb{&quot;desktop_display&quot;:{&quot;selected&quot;:&quot;yes&quot;},&quot;tablet_landscape_display&quot;:{&quot;selected&quot;:&quot;yes&quot;},&quot;tablet_display&quot;:{&quot;selected&quot;:&quot;yes&quot;},&quot;smartphone_display&quot;:{&quot;selected&quot;:&quot;yes&quot;}}\u00a0\u00bb _array_keys=\u00a0\u00bb{&quot;responsive&quot;:&quot;responsive&quot;}\u00a0\u00bb _made_with_builder=\u00a0\u00bbtrue\u00a0\u00bb][\/space]<p><a href=\"https:\/\/www.facebook.com\/laurence.hechinger.7?fref=mentions&amp;__xts__[0]=68.ARBCZ90ArrC5s3tpyQ67CrTpJI8Q6lG35prLF3wtHU8EPnMtLt8OOc71MYDxDk5XwsNoolQ1RoNLfm3Z0TlttP0nT2DZymfiKaeqkD0ojawLMKGr8mFrQUSWtJEQeJQdFMWss-buMZKnyGVO_zfDK22sW2CkGNEKAxA_l1FK1KfUIULSdGsICx63SkcB90bxlJaGQ78vNJ_QAATyfeUV9Sdr2UvWy5V2suDVaBmkofaM0Y0CUiy1gzZNIcyoyEAeYw8N48MumlR9ZpIUxfesO0xyrKy22l7aZVii2tvDKET0LCs\" target=\"_blank\" rel=\"noopener\"><img decoding=\"async\" class=\"alignnone wp-image-240 size-full\" src=\"http:\/\/volutbeaute.com\/wp-content\/uploads\/2016\/06\/Facebook.png\" alt=\"\" width=\"26\" height=\"26\" srcset=\"https:\/\/volutbeaute.com\/wp-content\/uploads\/2016\/06\/Facebook.png 26w, https:\/\/volutbeaute.com\/wp-content\/uploads\/2016\/06\/Facebook-12x12.png 12w\" sizes=\"(max-width: 26px) 100vw, 26px\" \/><\/a><a href=\"https:\/\/www.instagram.com\/volut.beaute\/\" target=\"_blank\" rel=\"noopener\"> \u00a0 <\/a><a href=\"https:\/\/www.instagram.com\/volut.beaute\/\" target=\"_blank\" rel=\"noopener\"><img decoding=\"async\" class=\"alignnone wp-image-241 size-full\" src=\"http:\/\/volutbeaute.com\/wp-content\/uploads\/2016\/06\/Instagram.png\" alt=\"\" width=\"26\" height=\"26\" srcset=\"https:\/\/volutbeaute.com\/wp-content\/uploads\/2016\/06\/Instagram.png 26w, https:\/\/volutbeaute.com\/wp-content\/uploads\/2016\/06\/Instagram-12x12.png 12w\" sizes=\"(max-width: 26px) 100vw, 26px\" \/><\/a><\/p>[space shortcode_name=\u00a0\u00bb\u00a0\u00bb height=\u00a0\u00bb25&Prime; responsive=\u00a0\u00bb{&quot;desktop_display&quot;:{&quot;selected&quot;:&quot;yes&quot;},&quot;tablet_landscape_display&quot;:{&quot;selected&quot;:&quot;yes&quot;},&quot;tablet_display&quot;:{&quot;selected&quot;:&quot;yes&quot;},&quot;smartphone_display&quot;:{&quot;selected&quot;:&quot;yes&quot;}}\u00a0\u00bb _array_keys=\u00a0\u00bb{&quot;responsive&quot;:&quot;responsive&quot;}\u00a0\u00bb _made_with_builder=\u00a0\u00bbtrue\u00a0\u00bb][\/space]<\/div>\n<\/div>\n\n<div class=\"fw-row\">\n\t<div class=\"fw-col-xs-12\">\n\t[space shortcode_name=\u00a0\u00bb\u00a0\u00bb height=\u00a0\u00bb140&Prime; responsive=\u00a0\u00bb{&quot;desktop_display&quot;:{&quot;selected&quot;:&quot;yes&quot;},&quot;tablet_landscape_display&quot;:{&quot;selected&quot;:&quot;yes&quot;},&quot;tablet_display&quot;:{&quot;selected&quot;:&quot;yes&quot;},&quot;smartphone_display&quot;:{&quot;selected&quot;:&quot;yes&quot;}}\u00a0\u00bb _array_keys=\u00a0\u00bb{&quot;responsive&quot;:&quot;responsive&quot;}\u00a0\u00bb _made_with_builder=\u00a0\u00bbtrue\u00a0\u00bb][\/space]<\/div>\n<\/div>\n\n\t<\/div>\n<\/section>\n<section class=\"fw-main-row \"  >\n\t<div class=\"fw-container\">\n\t\t<div class=\"fw-row\">\n\t<div class=\"fw-col-xs-12\">\n\t\n<\/div>\n<\/div>\n\n\t<\/div>\n<\/section>\n<section class=\"fw-main-row \"  >\n\t<div class=\"fw-container\">\n\t\t\t<\/div>\n<\/section>\n<\/p>\n","protected":false},"excerpt":{"rendered":"<p>[space shortcode_name=\u00a0\u00bb\u00a0\u00bb height=\u00a0\u00bb85&Prime; responsive=\u00a0\u00bb{&quot;desktop_display&quot;:{&quot;selected&quot;:&quot;yes&quot;},&quot;tablet_landscape_display&quot;:{&quot;selected&quot;:&quot;yes&quot;},&quot;tablet_display&quot;:{&quot;selected&quot;:&quot;yes&quot;},&quot;smartphone_display&quot;:{&quot;selected&quot;:&quot;no&quot;}}\u00a0\u00bb _array_keys=\u00a0\u00bb{&quot;responsive&quot;:&quot;responsive&quot;}\u00a0\u00bb _made_with_builder=\u00a0\u00bbtrue\u00a0\u00bb][\/space] DEMANDE D&rsquo;INFORMATION Contactez-nous maintenant [space shortcode_name=\u00a0\u00bb\u00a0\u00bb height=\u00a0\u00bb45&Prime; responsive=\u00a0\u00bb{&quot;desktop_display&quot;:{&quot;selected&quot;:&quot;yes&quot;},&quot;tablet_landscape_display&quot;:{&quot;selected&quot;:&quot;yes&quot;},&quot;tablet_display&quot;:{&quot;selected&quot;:&quot;yes&quot;},&quot;smartphone_display&quot;:{&quot;selected&quot;:&quot;no&quot;}}\u00a0\u00bb _array_keys=\u00a0\u00bb{&quot;responsive&quot;:&quot;responsive&quot;}\u00a0\u00bb _made_with_builder=\u00a0\u00bbtrue\u00a0\u00bb][\/space] NOM : N\u00b0 DE T\u00c9L\u00c9PHONE : ADRESSE EMAIL : MESSAGE : [space shortcode_name=\u00a0\u00bb\u00a0\u00bb height=\u00a0\u00bb25&Prime; responsive=\u00a0\u00bb{&quot;desktop_display&quot;:{&quot;selected&quot;:&quot;yes&quot;},&quot;tablet_landscape_display&quot;:{&quot;selected&quot;:&quot;yes&quot;},&quot;tablet_display&quot;:{&quot;selected&quot;:&quot;yes&quot;},&quot;smartphone_display&quot;:{&quot;selected&quot;:&quot;yes&quot;}}\u00a0\u00bb _array_keys=\u00a0\u00bb{&quot;responsive&quot;:&quot;responsive&quot;}\u00a0\u00bb _made_with_builder=\u00a0\u00bbtrue\u00a0\u00bb][\/space] ADRESSE VOLUT&rsquo;BEAUT\u00c9P\u00f4le Beaut\u00e9 &#038; Bien-\u00eatre18 bis, avenue du Clapas,34980 Saint-G\u00e9ly-du-Fesc [space shortcode_name=\u00a0\u00bb\u00a0\u00bb height=\u00a0\u00bb10&Prime; responsive=\u00a0\u00bb{&quot;desktop_display&quot;:{&quot;selected&quot;:&quot;yes&quot;},&quot;tablet_landscape_display&quot;:{&quot;selected&quot;:&quot;yes&quot;},&quot;tablet_display&quot;:{&quot;selected&quot;:&quot;yes&quot;},&quot;smartphone_display&quot;:{&quot;selected&quot;:&quot;yes&quot;}}\u00a0\u00bb _array_keys=\u00a0\u00bb{&quot;responsive&quot;:&quot;responsive&quot;}\u00a0\u00bb _made_with_builder=\u00a0\u00bbtrue\u00a0\u00bb][\/space] T\u00c9L\u00c9PHONE +33 (0)6 76 84 10 03 [space shortcode_name=\u00a0\u00bb\u00a0\u00bb height=\u00a0\u00bb10&Prime; responsive=\u00a0\u00bb{&quot;desktop_display&quot;:{&quot;selected&quot;:&quot;yes&quot;},&quot;tablet_landscape_display&quot;:{&quot;selected&quot;:&quot;yes&quot;},&quot;tablet_display&quot;:{&quot;selected&quot;:&quot;yes&quot;},&quot;smartphone_display&quot;:{&quot;selected&quot;:&quot;yes&quot;}}\u00a0\u00bb _array_keys=\u00a0\u00bb{&quot;responsive&quot;:&quot;responsive&quot;}\u00a0\u00bb _made_with_builder=\u00a0\u00bbtrue\u00a0\u00bb][\/space] EMAIL contact@volutbeaute.com [space shortcode_name=\u00a0\u00bb\u00a0\u00bb height=\u00a0\u00bb10&Prime; responsive=\u00a0\u00bb{&quot;desktop_display&quot;:{&quot;selected&quot;:&quot;yes&quot;},&quot;tablet_landscape_display&quot;:{&quot;selected&quot;:&quot;yes&quot;},&quot;tablet_display&quot;:{&quot;selected&quot;:&quot;yes&quot;},&quot;smartphone_display&quot;:{&quot;selected&quot;:&quot;yes&quot;}}\u00a0\u00bb _array_keys=\u00a0\u00bb{&quot;responsive&quot;:&quot;responsive&quot;}\u00a0\u00bb _made_with_builder=\u00a0\u00bbtrue\u00a0\u00bb][\/space] HORAIRES Du lundi au vendrediDe 10h30 \u00e0 19h [space shortcode_name=\u00a0\u00bb\u00a0\u00bb height=\u00a0\u00bb10&Prime; responsive=\u00a0\u00bb{&quot;desktop_display&quot;:{&quot;selected&quot;:&quot;yes&quot;},&quot;tablet_landscape_display&quot;:{&quot;selected&quot;:&quot;yes&quot;},&quot;tablet_display&quot;:{&quot;selected&quot;:&quot;yes&quot;},&quot;smartphone_display&quot;:{&quot;selected&quot;:&quot;yes&quot;}}\u00a0\u00bb _array_keys=\u00a0\u00bb{&quot;responsive&quot;:&quot;responsive&quot;}\u00a0\u00bb _made_with_builder=\u00a0\u00bbtrue\u00a0\u00bb][\/space] \u00a0 [space shortcode_name=\u00a0\u00bb\u00a0\u00bb height=\u00a0\u00bb25&Prime; responsive=\u00a0\u00bb{&quot;desktop_display&quot;:{&quot;selected&quot;:&quot;yes&quot;},&quot;tablet_landscape_display&quot;:{&quot;selected&quot;:&quot;yes&quot;},&quot;tablet_display&quot;:{&quot;selected&quot;:&quot;yes&quot;},&quot;smartphone_display&quot;:{&quot;selected&quot;:&quot;yes&quot;}}\u00a0\u00bb _array_keys=\u00a0\u00bb{&quot;responsive&quot;:&quot;responsive&quot;}\u00a0\u00bb _made_with_builder=\u00a0\u00bbtrue\u00a0\u00bb][\/space] [space shortcode_name=\u00a0\u00bb\u00a0\u00bb height=\u00a0\u00bb140&Prime; responsive=\u00a0\u00bb{&quot;desktop_display&quot;:{&quot;selected&quot;:&quot;yes&quot;},&quot;tablet_landscape_display&quot;:{&quot;selected&quot;:&quot;yes&quot;},&quot;tablet_display&quot;:{&quot;selected&quot;:&quot;yes&quot;},&quot;smartphone_display&quot;:{&quot;selected&quot;:&quot;yes&quot;}}\u00a0\u00bb _array_keys=\u00a0\u00bb{&quot;responsive&quot;:&quot;responsive&quot;}\u00a0\u00bb _made_with_builder=\u00a0\u00bbtrue\u00a0\u00bb][\/space]<\/p>\n","protected":false},"author":1,"featured_media":0,"parent":0,"menu_order":0,"comment_status":"closed","ping_status":"closed","template":"","meta":{"site-sidebar-layout":"default","site-content-layout":"","ast-site-content-layout":"default","site-content-style":"default","site-sidebar-style":"default","ast-global-header-display":"","ast-banner-title-visibility":"","ast-main-header-display":"","ast-hfb-above-header-display":"","ast-hfb-below-header-display":"","ast-hfb-mobile-header-display":"","site-post-title":"","ast-breadcrumbs-content":"","ast-featured-img":"","footer-sml-layout":"","theme-transparent-header-meta":"","adv-header-id-meta":"","stick-header-meta":"","header-above-stick-meta":"","header-main-stick-meta":"","header-below-stick-meta":"","astra-migrate-meta-layouts":"default","ast-page-background-enabled":"default","ast-page-background-meta":{"desktop":{"background-color":"var(--ast-global-color-5)","background-image":"","background-repeat":"repeat","background-position":"center center","background-size":"auto","background-attachment":"scroll","background-type":"","background-media":"","overlay-type":"","overlay-color":"","overlay-opacity":"","overlay-gradient":""},"tablet":{"background-color":"","background-image":"","background-repeat":"repeat","background-position":"center center","background-size":"auto","background-attachment":"scroll","background-type":"","background-media":"","overlay-type":"","overlay-color":"","overlay-opacity":"","overlay-gradient":""},"mobile":{"background-color":"","background-image":"","background-repeat":"repeat","background-position":"center center","background-size":"auto","background-attachment":"scroll","background-type":"","background-media":"","overlay-type":"","overlay-color":"","overlay-opacity":"","overlay-gradient":""}},"ast-content-background-meta":{"desktop":{"background-color":"var(--ast-global-color-4)","background-image":"","background-repeat":"repeat","background-position":"center center","background-size":"auto","background-attachment":"scroll","background-type":"","background-media":"","overlay-type":"","overlay-color":"","overlay-opacity":"","overlay-gradient":""},"tablet":{"background-color":"var(--ast-global-color-4)","background-image":"","background-repeat":"repeat","background-position":"center center","background-size":"auto","background-attachment":"scroll","background-type":"","background-media":"","overlay-type":"","overlay-color":"","overlay-opacity":"","overlay-gradient":""},"mobile":{"background-color":"var(--ast-global-color-4)","background-image":"","background-repeat":"repeat","background-position":"center center","background-size":"auto","background-attachment":"scroll","background-type":"","background-media":"","overlay-type":"","overlay-color":"","overlay-opacity":"","overlay-gradient":""}},"footnotes":""},"class_list":["post-29","page","type-page","status-publish","hentry"],"jetpack_sharing_enabled":true,"_links":{"self":[{"href":"https:\/\/volutbeaute.com\/index.php?rest_route=\/wp\/v2\/pages\/29","targetHints":{"allow":["GET"]}}],"collection":[{"href":"https:\/\/volutbeaute.com\/index.php?rest_route=\/wp\/v2\/pages"}],"about":[{"href":"https:\/\/volutbeaute.com\/index.php?rest_route=\/wp\/v2\/types\/page"}],"author":[{"embeddable":true,"href":"https:\/\/volutbeaute.com\/index.php?rest_route=\/wp\/v2\/users\/1"}],"replies":[{"embeddable":true,"href":"https:\/\/volutbeaute.com\/index.php?rest_route=%2Fwp%2Fv2%2Fcomments&post=29"}],"version-history":[{"count":25,"href":"https:\/\/volutbeaute.com\/index.php?rest_route=\/wp\/v2\/pages\/29\/revisions"}],"predecessor-version":[{"id":3563,"href":"https:\/\/volutbeaute.com\/index.php?rest_route=\/wp\/v2\/pages\/29\/revisions\/3563"}],"wp:attachment":[{"href":"https:\/\/volutbeaute.com\/index.php?rest_route=%2Fwp%2Fv2%2Fmedia&parent=29"}],"curies":[{"name":"wp","href":"https:\/\/api.w.org\/{rel}","templated":true}]}}