{"id":4716,"date":"2025-10-30T15:45:09","date_gmt":"2025-10-30T14:45:09","guid":{"rendered":"https:\/\/volutbeaute.com\/?page_id=4716"},"modified":"2025-10-30T15:56:19","modified_gmt":"2025-10-30T14:56:19","slug":"pole-bien-etre","status":"publish","type":"page","link":"https:\/\/volutbeaute.com\/?page_id=4716","title":{"rendered":"Pole Bien-\u00eatre"},"content":{"rendered":"\t\t<div data-elementor-type=\"wp-page\" data-elementor-id=\"4716\" class=\"elementor elementor-4716\">\n\t\t\t\t<div class=\"elementor-element elementor-element-8101b0b e-con-full e-flex wpr-particle-no wpr-jarallax-no wpr-parallax-no wpr-sticky-section-no e-con e-parent\" data-id=\"8101b0b\" data-element_type=\"container\">\n\t\t\t\t<div class=\"elementor-element elementor-element-4fb5d58 elementor-widget elementor-widget-image\" data-id=\"4fb5d58\" data-element_type=\"widget\" data-widget_type=\"image.default\">\n\t\t\t\t\t\t\t\t\t\t\t\t\t\t\t<img decoding=\"async\" src=\"https:\/\/volutbeaute.com\/wp-content\/uploads\/2021\/08\/Detente-au-spa-quel-massage-choisir-1.jpg\" title=\"Detente-au-spa-quel-massage-choisir\" alt=\"Detente-au-spa-quel-massage-choisir\" loading=\"lazy\" \/>\t\t\t\t\t\t\t\t\t\t\t\t\t\t\t<\/div>\n\t\t\t\t<\/div>\n\t\t<div class=\"elementor-element elementor-element-915f688 e-flex e-con-boxed wpr-particle-no wpr-jarallax-no wpr-parallax-no wpr-sticky-section-no e-con e-parent\" data-id=\"915f688\" data-element_type=\"container\">\n\t\t\t\t\t<div class=\"e-con-inner\">\n\t\t\t\t<div class=\"elementor-element elementor-element-9659805 elementor-widget elementor-widget-spacer\" data-id=\"9659805\" data-element_type=\"widget\" data-widget_type=\"spacer.default\">\n\t\t\t\t\t\t\t<div class=\"elementor-spacer\">\n\t\t\t<div class=\"elementor-spacer-inner\"><\/div>\n\t\t<\/div>\n\t\t\t\t\t\t<\/div>\n\t\t\t\t<div class=\"elementor-element elementor-element-6a488b8 elementor-widget elementor-widget-heading\" data-id=\"6a488b8\" data-element_type=\"widget\" data-widget_type=\"heading.default\">\n\t\t\t\t\t<h2 class=\"elementor-heading-title elementor-size-default\">D\u00e9couvrez notre P\u00f4le Bien-\u00eatre<\/h2>\t\t\t\t<\/div>\n\t\t\t\t<div class=\"elementor-element elementor-element-fd0422f elementor-widget elementor-widget-spacer\" data-id=\"fd0422f\" data-element_type=\"widget\" data-widget_type=\"spacer.default\">\n\t\t\t\t\t\t\t<div class=\"elementor-spacer\">\n\t\t\t<div class=\"elementor-spacer-inner\"><\/div>\n\t\t<\/div>\n\t\t\t\t\t\t<\/div>\n\t\t\t\t\t<\/div>\n\t\t\t\t<\/div>\n\t\t<div class=\"elementor-element elementor-element-8664a5b e-grid e-con-boxed wpr-particle-no wpr-jarallax-no wpr-parallax-no wpr-sticky-section-no e-con e-parent\" data-id=\"8664a5b\" data-element_type=\"container\">\n\t\t\t\t\t<div class=\"e-con-inner\">\n\t\t\t\t<div class=\"elementor-element elementor-element-4b0f419 wpr-promo-box-style-cover elementor-widget elementor-widget-wpr-promo-box\" data-id=\"4b0f419\" data-element_type=\"widget\" data-widget_type=\"wpr-promo-box.default\">\n\t\t\t\t\t\n\t\t<div class=\"wpr-promo-box wpr-animation-wrap\">\n\n\t\t\t\t\t\t<a class=\"wpr-promo-box-link\" href=\"https:\/\/volutbeaute.com\/?page_id=4671\"><\/a>\t\n\t\t\t\t\t\t\t\n\t\t\t\t\t\t\t<div class=\"wpr-promo-box-image\">\n\t\t\t\t\t<div class=\"wpr-promo-box-bg-image wpr-bg-anim-zoom-in wpr-anim-timing-ease-default\" style=\"background-image:url(https:\/\/volutbeaute.com\/wp-content\/uploads\/2021\/07\/Acupuncture_1_Hero.jpg);\"><\/div>\n\t\t\t\t\t<div class=\"wpr-promo-box-bg-overlay wpr-border-anim-oscar\"><\/div>\n\t\t\t\t<\/div>\n\t\t\t\t\t\t\n\t\t\t<div class=\"wpr-promo-box-content\">\n\n\t\t\t\t\t\t\t\t<div class=\"wpr-promo-box-icon\">\n\t\t\t\t\t\t\t\t\t<\/div>\n\t\t\t\t\n\t\t\t\t<h4 class=\"wpr-promo-box-title\"><span>Acupuncture<\/span><\/h4>\n\t\t\t\t\t\t\t\t\t<div class=\"wpr-promo-box-description\">\n\t\t\t\t\t\t<p><p><em>Acupuncture\u00a0<\/em>traditionnelle et<em> massage \u00e9nerg\u00e9tique Tuina\u00a0<\/em>faisant partie de 5 branches de la\u00a0<em>m\u00e9decine traditionnelle chinoise.<\/em><\/p><\/p>\t\n\t\t\t\t\t<\/div>\t\t\t\t\t\t\n\t\t\t\t\n\t\t\t\t\t\t\t<\/div>\n\n\t\t\t\t\t<\/div>\n\n\t\t\t\t\t\t<\/div>\n\t\t\t\t<div class=\"elementor-element elementor-element-7169ac0 wpr-promo-box-style-cover elementor-widget elementor-widget-wpr-promo-box\" data-id=\"7169ac0\" data-element_type=\"widget\" data-widget_type=\"wpr-promo-box.default\">\n\t\t\t\t\t\n\t\t<div class=\"wpr-promo-box wpr-animation-wrap\">\n\n\t\t\t\t\t\t<a class=\"wpr-promo-box-link\" href=\"https:\/\/volutbeaute.com\/?page_id=4613\"><\/a>\t\n\t\t\t\t\t\t\t\n\t\t\t\t\t\t\t<div class=\"wpr-promo-box-image\">\n\t\t\t\t\t<div class=\"wpr-promo-box-bg-image wpr-bg-anim-zoom-in wpr-anim-timing-ease-default\" style=\"background-image:url(https:\/\/volutbeaute.com\/wp-content\/uploads\/2021\/07\/Osteo-charenton-osteopathe-paris-douleurs.jpg);\"><\/div>\n\t\t\t\t\t<div class=\"wpr-promo-box-bg-overlay wpr-border-anim-oscar\"><\/div>\n\t\t\t\t<\/div>\n\t\t\t\t\t\t\n\t\t\t<div class=\"wpr-promo-box-content\">\n\n\t\t\t\t\t\t\t\t<div class=\"wpr-promo-box-icon\">\n\t\t\t\t\t\t\t\t\t<\/div>\n\t\t\t\t\n\t\t\t\t<h4 class=\"wpr-promo-box-title\"><span>Ost\u00e9opathie<\/span><\/h4>\n\t\t\t\t\t\t\t\t\t<div class=\"wpr-promo-box-description\">\n\t\t\t\t\t\t<p><p>Techniques permettant de lever en particulier les\u00a0<em>blocages articulaires<\/em> du corps pour lui permettre de mieux fonctionner.<\/p><\/p>\t\n\t\t\t\t\t<\/div>\t\t\t\t\t\t\n\t\t\t\t\n\t\t\t\t\t\t\t<\/div>\n\n\t\t\t\t\t<\/div>\n\n\t\t\t\t\t\t<\/div>\n\t\t\t\t<div class=\"elementor-element elementor-element-df1e320 wpr-promo-box-style-cover elementor-widget elementor-widget-wpr-promo-box\" data-id=\"df1e320\" data-element_type=\"widget\" data-widget_type=\"wpr-promo-box.default\">\n\t\t\t\t\t\n\t\t<div class=\"wpr-promo-box wpr-animation-wrap\">\n\n\t\t\t\t\t\t<a class=\"wpr-promo-box-link\" href=\"https:\/\/volutbeaute.com\/?page_id=4681\"><\/a>\t\n\t\t\t\t\t\t\t\n\t\t\t\t\t\t\t<div class=\"wpr-promo-box-image\">\n\t\t\t\t\t<div class=\"wpr-promo-box-bg-image wpr-bg-anim-zoom-in wpr-anim-timing-ease-default\" style=\"background-image:url(https:\/\/volutbeaute.com\/wp-content\/uploads\/2019\/06\/reflexologie-plantaire.jpg);\"><\/div>\n\t\t\t\t\t<div class=\"wpr-promo-box-bg-overlay wpr-border-anim-oscar\"><\/div>\n\t\t\t\t<\/div>\n\t\t\t\t\t\t\n\t\t\t<div class=\"wpr-promo-box-content\">\n\n\t\t\t\t\t\t\t\t<div class=\"wpr-promo-box-icon\">\n\t\t\t\t\t\t\t\t\t<\/div>\n\t\t\t\t\n\t\t\t\t<h4 class=\"wpr-promo-box-title\"><span>R\u00e9flexologie Plantaire<\/span><\/h4>\n\t\t\t\t\t\t\t\t\t<div class=\"wpr-promo-box-description\">\n\t\t\t\t\t\t<p><p><em>Soulage<\/em> les douleurs physique et d\u00e9noue les tensions nerveuses, favorise la d\u00e9tente,<br \/>et\u00a0<em>harmonise les fonctions vitales.<\/em><\/p><\/p>\t\n\t\t\t\t\t<\/div>\t\t\t\t\t\t\n\t\t\t\t\n\t\t\t\t\t\t\t<\/div>\n\n\t\t\t\t\t<\/div>\n\n\t\t\t\t\t\t<\/div>\n\t\t\t\t<div class=\"elementor-element elementor-element-033f310 wpr-promo-box-style-cover elementor-widget elementor-widget-wpr-promo-box\" data-id=\"033f310\" data-element_type=\"widget\" data-widget_type=\"wpr-promo-box.default\">\n\t\t\t\t\t\n\t\t<div class=\"wpr-promo-box wpr-animation-wrap\">\n\n\t\t\t\t\t\t<a class=\"wpr-promo-box-link\" href=\"https:\/\/volutbeaute.com\/?page_id=4689\"><\/a>\t\n\t\t\t\t\t\t\t\n\t\t\t\t\t\t\t<div class=\"wpr-promo-box-image\">\n\t\t\t\t\t<div class=\"wpr-promo-box-bg-image wpr-bg-anim-zoom-in wpr-anim-timing-ease-default\" style=\"background-image:url(https:\/\/volutbeaute.com\/wp-content\/uploads\/2021\/07\/slide4.jpg);\"><\/div>\n\t\t\t\t\t<div class=\"wpr-promo-box-bg-overlay wpr-border-anim-oscar\"><\/div>\n\t\t\t\t<\/div>\n\t\t\t\t\t\t\n\t\t\t<div class=\"wpr-promo-box-content\">\n\n\t\t\t\t\t\t\t\t<div class=\"wpr-promo-box-icon\">\n\t\t\t\t\t\t\t\t\t<\/div>\n\t\t\t\t\n\t\t\t\t<h4 class=\"wpr-promo-box-title\"><span>Massages<\/span><\/h4>\n\t\t\t\t\t\t\t\t\t<div class=\"wpr-promo-box-description\">\n\t\t\t\t\t\t<p><p><em>Soulage<\/em>\u00a0diff\u00e9rents types de\u00a0<em>pathologies<\/em>, petits maux, relaxants, parfaits pour les<br \/>personnes souffrant d'anxi\u00e9t\u00e9 et d'angoisse.<\/p><\/p>\t\n\t\t\t\t\t<\/div>\t\t\t\t\t\t\n\t\t\t\t\n\t\t\t\t\t\t\t<\/div>\n\n\t\t\t\t\t<\/div>\n\n\t\t\t\t\t\t<\/div>\n\t\t\t\t<div class=\"elementor-element elementor-element-1829781 wpr-promo-box-style-cover elementor-widget elementor-widget-wpr-promo-box\" data-id=\"1829781\" data-element_type=\"widget\" data-widget_type=\"wpr-promo-box.default\">\n\t\t\t\t\t\n\t\t<div class=\"wpr-promo-box wpr-animation-wrap\">\n\n\t\t\t\t\t\t<a class=\"wpr-promo-box-link\" href=\"https:\/\/volutbeaute.com\/?page_id=4694\"><\/a>\t\n\t\t\t\t\t\t\t\n\t\t\t\t\t\t\t<div class=\"wpr-promo-box-image\">\n\t\t\t\t\t<div class=\"wpr-promo-box-bg-image wpr-bg-anim-zoom-in wpr-anim-timing-ease-default\" style=\"background-image:url(https:\/\/volutbeaute.com\/wp-content\/uploads\/2021\/08\/5ba5db4607ea-scaled.jpg);\"><\/div>\n\t\t\t\t\t<div class=\"wpr-promo-box-bg-overlay wpr-border-anim-oscar\"><\/div>\n\t\t\t\t<\/div>\n\t\t\t\t\t\t\n\t\t\t<div class=\"wpr-promo-box-content\">\n\n\t\t\t\t\t\t\t\t<div class=\"wpr-promo-box-icon\">\n\t\t\t\t\t\t\t\t\t<\/div>\n\t\t\t\t\n\t\t\t\t<h4 class=\"wpr-promo-box-title\"><span>Sweet Palping<\/span><\/h4>\n\t\t\t\t\t\t\t\t\t<div class=\"wpr-promo-box-description\">\n\t\t\t\t\t\t<p><p>\u00ab\u00a0<em>Palper \u2013 rouler<\/em>\u00a0\u00bb non \u00e9lectrique,<br \/>un sweet sur le visage et sur corps<br \/>avec des\u00a0<em>produits 100 % naturels.<\/em><\/p><\/p>\t\n\t\t\t\t\t<\/div>\t\t\t\t\t\t\n\t\t\t\t\n\t\t\t\t\t\t\t<\/div>\n\n\t\t\t\t\t<\/div>\n\n\t\t\t\t\t\t<\/div>\n\t\t\t\t<div class=\"elementor-element elementor-element-3e60b75 wpr-promo-box-style-cover elementor-widget elementor-widget-wpr-promo-box\" data-id=\"3e60b75\" data-element_type=\"widget\" data-widget_type=\"wpr-promo-box.default\">\n\t\t\t\t\t\n\t\t<div class=\"wpr-promo-box wpr-animation-wrap\">\n\n\t\t\t\t\t\t<a class=\"wpr-promo-box-link\" href=\"https:\/\/volutbeaute.com\/?page_id=4706\"><\/a>\t\n\t\t\t\t\t\t\t\n\t\t\t\t\t\t\t<div class=\"wpr-promo-box-image\">\n\t\t\t\t\t<div class=\"wpr-promo-box-bg-image wpr-bg-anim-zoom-in wpr-anim-timing-ease-default\" style=\"background-image:url(https:\/\/volutbeaute.com\/wp-content\/uploads\/2021\/11\/Capture_dcran_2019-01-31__141223-1.png);\"><\/div>\n\t\t\t\t\t<div class=\"wpr-promo-box-bg-overlay wpr-border-anim-oscar\"><\/div>\n\t\t\t\t<\/div>\n\t\t\t\t\t\t\n\t\t\t<div class=\"wpr-promo-box-content\">\n\n\t\t\t\t\t\t\t\t<div class=\"wpr-promo-box-icon\">\n\t\t\t\t\t\t\t\t\t<\/div>\n\t\t\t\t\n\t\t\t\t<h4 class=\"wpr-promo-box-title\"><span>Amincissement<\/span><\/h4>\n\t\t\t\t\t\t\t\t\t<div class=\"wpr-promo-box-description\">\n\t\t\t\t\t\t<p><p>Pour un remodelage du corps sans chirurgie esth\u00e9tique gr\u00e2ce technologies les plus avanc\u00e9es pour une technique indolore.<\/p><\/p>\t\n\t\t\t\t\t<\/div>\t\t\t\t\t\t\n\t\t\t\t\n\t\t\t\t\t\t\t<\/div>\n\n\t\t\t\t\t<\/div>\n\n\t\t\t\t\t\t<\/div>\n\t\t\t\t\t<\/div>\n\t\t\t\t<\/div>\n\t\t<div class=\"elementor-element elementor-element-135804f e-flex e-con-boxed wpr-particle-no wpr-jarallax-no wpr-parallax-no wpr-sticky-section-no e-con e-parent\" data-id=\"135804f\" data-element_type=\"container\">\n\t\t\t\t\t<div class=\"e-con-inner\">\n\t\t\t\t<div class=\"elementor-element elementor-element-be374f6 elementor-widget elementor-widget-spacer\" data-id=\"be374f6\" data-element_type=\"widget\" data-widget_type=\"spacer.default\">\n\t\t\t\t\t\t\t<div class=\"elementor-spacer\">\n\t\t\t<div class=\"elementor-spacer-inner\"><\/div>\n\t\t<\/div>\n\t\t\t\t\t\t<\/div>\n\t\t\t\t<div class=\"elementor-element elementor-element-eff1f5c elementor-widget elementor-widget-spacer\" data-id=\"eff1f5c\" data-element_type=\"widget\" data-widget_type=\"spacer.default\">\n\t\t\t\t\t\t\t<div class=\"elementor-spacer\">\n\t\t\t<div class=\"elementor-spacer-inner\"><\/div>\n\t\t<\/div>\n\t\t\t\t\t\t<\/div>\n\t\t\t\t<div class=\"elementor-element elementor-element-d08e058 elementor-widget elementor-widget-google_maps\" data-id=\"d08e058\" data-element_type=\"widget\" data-widget_type=\"google_maps.default\">\n\t\t\t\t\t\t\t<div class=\"elementor-custom-embed\">\n\t\t\t<iframe loading=\"lazy\"\n\t\t\t\t\tsrc=\"https:\/\/maps.google.com\/maps?q=Volut%27&#038;t=m&#038;z=18&#038;output=embed&#038;iwloc=near\"\n\t\t\t\t\ttitle=\"Volut&#039;\"\n\t\t\t\t\taria-label=\"Volut&#039;\"\n\t\t\t><\/iframe>\n\t\t<\/div>\n\t\t\t\t\t\t<\/div>\n\t\t\t\t\t<\/div>\n\t\t\t\t<\/div>\n\t\t\t\t<\/div>\n\t\t","protected":false},"excerpt":{"rendered":"<p>D\u00e9couvrez notre P\u00f4le Bien-\u00eatre Acupuncture Acupuncture\u00a0traditionnelle et massage \u00e9nerg\u00e9tique Tuina\u00a0faisant partie de 5 branches de la\u00a0m\u00e9decine traditionnelle chinoise. Ost\u00e9opathie Techniques permettant de lever en particulier les\u00a0blocages articulaires du corps pour lui permettre de mieux fonctionner. R\u00e9flexologie Plantaire Soulage les douleurs physique et d\u00e9noue les tensions nerveuses, favorise la d\u00e9tente,et\u00a0harmonise les fonctions vitales. Massages Soulage\u00a0diff\u00e9rents types de\u00a0pathologies, petits maux, relaxants, parfaits pour lespersonnes souffrant d&rsquo;anxi\u00e9t\u00e9 et d&rsquo;angoisse. Sweet Palping \u00ab\u00a0Palper \u2013 rouler\u00a0\u00bb non \u00e9lectrique,un sweet sur le visage et sur corpsavec des\u00a0produits 100 % naturels. Amincissement Pour un remodelage du corps sans chirurgie esth\u00e9tique gr\u00e2ce technologies les plus avanc\u00e9es pour une technique indolore.<\/p>\n","protected":false},"author":1,"featured_media":0,"parent":0,"menu_order":0,"comment_status":"closed","ping_status":"closed","template":"","meta":{"site-sidebar-layout":"no-sidebar","site-content-layout":"","ast-site-content-layout":"full-width-container","site-content-style":"default","site-sidebar-style":"default","ast-global-header-display":"","ast-banner-title-visibility":"","ast-main-header-display":"","ast-hfb-above-header-display":"","ast-hfb-below-header-display":"","ast-hfb-mobile-header-display":"","site-post-title":"disabled","ast-breadcrumbs-content":"","ast-featured-img":"disabled","footer-sml-layout":"","theme-transparent-header-meta":"","adv-header-id-meta":"","stick-header-meta":"","header-above-stick-meta":"","header-main-stick-meta":"","header-below-stick-meta":"","astra-migrate-meta-layouts":"default","ast-page-background-enabled":"default","ast-page-background-meta":{"desktop":{"background-color":"var(--ast-global-color-5)","background-image":"","background-repeat":"repeat","background-position":"center center","background-size":"auto","background-attachment":"scroll","background-type":"","background-media":"","overlay-type":"","overlay-color":"","overlay-opacity":"","overlay-gradient":""},"tablet":{"background-color":"","background-image":"","background-repeat":"repeat","background-position":"center center","background-size":"auto","background-attachment":"scroll","background-type":"","background-media":"","overlay-type":"","overlay-color":"","overlay-opacity":"","overlay-gradient":""},"mobile":{"background-color":"","background-image":"","background-repeat":"repeat","background-position":"center center","background-size":"auto","background-attachment":"scroll","background-type":"","background-media":"","overlay-type":"","overlay-color":"","overlay-opacity":"","overlay-gradient":""}},"ast-content-background-meta":{"desktop":{"background-color":"var(--ast-global-color-4)","background-image":"","background-repeat":"repeat","background-position":"center center","background-size":"auto","background-attachment":"scroll","background-type":"","background-media":"","overlay-type":"","overlay-color":"","overlay-opacity":"","overlay-gradient":""},"tablet":{"background-color":"var(--ast-global-color-4)","background-image":"","background-repeat":"repeat","background-position":"center center","background-size":"auto","background-attachment":"scroll","background-type":"","background-media":"","overlay-type":"","overlay-color":"","overlay-opacity":"","overlay-gradient":""},"mobile":{"background-color":"var(--ast-global-color-4)","background-image":"","background-repeat":"repeat","background-position":"center center","background-size":"auto","background-attachment":"scroll","background-type":"","background-media":"","overlay-type":"","overlay-color":"","overlay-opacity":"","overlay-gradient":""}},"footnotes":""},"class_list":["post-4716","page","type-page","status-publish","hentry"],"jetpack_sharing_enabled":true,"_links":{"self":[{"href":"https:\/\/volutbeaute.com\/index.php?rest_route=\/wp\/v2\/pages\/4716","targetHints":{"allow":["GET"]}}],"collection":[{"href":"https:\/\/volutbeaute.com\/index.php?rest_route=\/wp\/v2\/pages"}],"about":[{"href":"https:\/\/volutbeaute.com\/index.php?rest_route=\/wp\/v2\/types\/page"}],"author":[{"embeddable":true,"href":"https:\/\/volutbeaute.com\/index.php?rest_route=\/wp\/v2\/users\/1"}],"replies":[{"embeddable":true,"href":"https:\/\/volutbeaute.com\/index.php?rest_route=%2Fwp%2Fv2%2Fcomments&post=4716"}],"version-history":[{"count":4,"href":"https:\/\/volutbeaute.com\/index.php?rest_route=\/wp\/v2\/pages\/4716\/revisions"}],"predecessor-version":[{"id":4720,"href":"https:\/\/volutbeaute.com\/index.php?rest_route=\/wp\/v2\/pages\/4716\/revisions\/4720"}],"wp:attachment":[{"href":"https:\/\/volutbeaute.com\/index.php?rest_route=%2Fwp%2Fv2%2Fmedia&parent=4716"}],"curies":[{"name":"wp","href":"https:\/\/api.w.org\/{rel}","templated":true}]}}