{"id":4721,"date":"2025-10-30T16:01:56","date_gmt":"2025-10-30T15:01:56","guid":{"rendered":"https:\/\/volutbeaute.com\/?page_id=4721"},"modified":"2025-10-31T13:30:33","modified_gmt":"2025-10-31T12:30:33","slug":"about-us","status":"publish","type":"page","link":"https:\/\/volutbeaute.com\/?page_id=4721","title":{"rendered":"About Us"},"content":{"rendered":"\t\t<div data-elementor-type=\"wp-page\" data-elementor-id=\"4721\" class=\"elementor elementor-4721\">\n\t\t\t\t<div class=\"elementor-element elementor-element-8101b0b e-con-full e-flex wpr-particle-no wpr-jarallax-no wpr-parallax-no wpr-sticky-section-no e-con e-parent\" data-id=\"8101b0b\" data-element_type=\"container\">\n\t\t\t\t<div class=\"elementor-element elementor-element-4fb5d58 elementor-widget elementor-widget-image\" data-id=\"4fb5d58\" data-element_type=\"widget\" data-widget_type=\"image.default\">\n\t\t\t\t\t\t\t\t\t\t\t\t\t\t\t<img decoding=\"async\" src=\"https:\/\/volutbeaute.com\/wp-content\/uploads\/2021\/07\/Regard_373396713.jpeg\" title=\"Female eye with long false eyelashes\" alt=\"Female Eye with Extreme Long False Eyelashes. Eyelash Extensions. Makeup, Cosmetics, Beauty. Close up, Macro\" loading=\"lazy\" \/>\t\t\t\t\t\t\t\t\t\t\t\t\t\t\t<\/div>\n\t\t\t\t<\/div>\n\t\t<div class=\"elementor-element elementor-element-915f688 e-flex e-con-boxed wpr-particle-no wpr-jarallax-no wpr-parallax-no wpr-sticky-section-no e-con e-parent\" data-id=\"915f688\" data-element_type=\"container\">\n\t\t\t\t\t<div class=\"e-con-inner\">\n\t\t\t\t<div class=\"elementor-element elementor-element-9659805 elementor-widget elementor-widget-spacer\" data-id=\"9659805\" data-element_type=\"widget\" data-widget_type=\"spacer.default\">\n\t\t\t\t\t\t\t<div class=\"elementor-spacer\">\n\t\t\t<div class=\"elementor-spacer-inner\"><\/div>\n\t\t<\/div>\n\t\t\t\t\t\t<\/div>\n\t\t\t\t<div class=\"elementor-element elementor-element-6a488b8 elementor-widget elementor-widget-heading\" data-id=\"6a488b8\" data-element_type=\"widget\" data-widget_type=\"heading.default\">\n\t\t\t\t\t<h2 class=\"elementor-heading-title elementor-size-default\">A propos de nous<\/h2>\t\t\t\t<\/div>\n\t\t\t\t<div class=\"elementor-element elementor-element-0c94aea elementor-widget elementor-widget-spacer\" data-id=\"0c94aea\" data-element_type=\"widget\" data-widget_type=\"spacer.default\">\n\t\t\t\t\t\t\t<div class=\"elementor-spacer\">\n\t\t\t<div class=\"elementor-spacer-inner\"><\/div>\n\t\t<\/div>\n\t\t\t\t\t\t<\/div>\n\t\t\t\t\t<\/div>\n\t\t\t\t<\/div>\n\t\t<div class=\"elementor-element elementor-element-64b7613 e-grid e-con-boxed wpr-particle-no wpr-jarallax-no wpr-parallax-no wpr-sticky-section-no e-con e-parent\" data-id=\"64b7613\" data-element_type=\"container\">\n\t\t\t\t\t<div class=\"e-con-inner\">\n\t\t<div class=\"elementor-element elementor-element-01bb45b e-con-full e-flex wpr-particle-no wpr-jarallax-no wpr-parallax-no wpr-sticky-section-no e-con e-child\" data-id=\"01bb45b\" data-element_type=\"container\">\n\t\t\t\t<div class=\"elementor-element elementor-element-03cd31f elementor-widget elementor-widget-text-editor\" data-id=\"03cd31f\" data-element_type=\"widget\" data-widget_type=\"text-editor.default\">\n\t\t\t\t\t\t\t\t\t<div class=\"fw-heading fw-heading-Array \" style=\"text-align: center;\">P\u00f4le Beaut\u00e9<\/div>\t\t\t\t\t\t\t\t<\/div>\n\t\t\t\t<div class=\"elementor-element elementor-element-aad53bb elementor-widget elementor-widget-text-editor\" data-id=\"aad53bb\" data-element_type=\"widget\" data-widget_type=\"text-editor.default\">\n\t\t\t\t\t\t\t\t\t<p style=\"text-align: center;\">UN NOUVEAU REGARD SUR L&rsquo;ESTH\u00c9TISME<\/p>\t\t\t\t\t\t\t\t<\/div>\n\t\t\t\t<\/div>\n\t\t\t\t<div class=\"elementor-element elementor-element-999938c elementor-widget elementor-widget-text-editor\" data-id=\"999938c\" data-element_type=\"widget\" data-widget_type=\"text-editor.default\">\n\t\t\t\t\t\t\t\t\t<p>Situ\u00e9 au centre de Saint G\u00e9ly-du-Fesc, face de la coop\u00e9rative viticole et \u00e0 c\u00f4t\u00e9 du CIC, le centre\u00a0<strong>Volut&rsquo;Beaut\u00e9<\/strong>\u00a0propose un ensemble de prestations beaut\u00e9 et bien-\u00eatre.<\/p><p>Forte d\u2019une grande exp\u00e9rience en esth\u00e9tisme et d\u2019une passion pour le relooking, Laurence a su s\u2019entourer d\u2019une \u00e9quipe de professionnels pour apporter un nouveau regard sur le m\u00e9tier de l\u2019esth\u00e9tique.<\/p>\t\t\t\t\t\t\t\t<\/div>\n\t\t\t\t<div class=\"elementor-element elementor-element-f626681 elementor-widget elementor-widget-text-editor\" data-id=\"f626681\" data-element_type=\"widget\" data-widget_type=\"text-editor.default\">\n\t\t\t\t\t\t\t\t\t<p style=\"text-align: center;\">Sp\u00e9cialit\u00e9 dans le maquillage permanent et les soins r\u00e9parateurs afin de valoriser l\u2019image de soi,\u00a0<strong>Volut&rsquo;Beaut\u00e9<\/strong>\u00a0favorise la r\u00e9paration identitaire post-traumatique, rend dignit\u00e9 et confiance en soi par la sublimation de la beaut\u00e9 naturelle de chacun.<\/p><p style=\"text-align: center;\">Afin de toujours offrir les meilleurs r\u00e9sultats,\u00a0<strong>Volut&rsquo;Beaut\u00e9<\/strong>\u00a0a choisi d\u2019\u0153uvrer avec les pigments Biotek et Maud amiea aux qualit\u00e9s normes europ\u00e9ennes. Des pigments min\u00e9raux, st\u00e9riles, non toxiques. Les couleurs ne virent pas et peuvent se r\u00e9sorber progressivement.<\/p><p style=\"text-align: center;\">Le mat\u00e9riel utilis\u00e9 est de derni\u00e8re g\u00e9n\u00e9ration, \u00e0 usage unique les aiguilles sont ouvertes devant vous et le travail est fait dans le respect des normes d\u2019hygi\u00e8ne.\u00a0<\/p>\t\t\t\t\t\t\t\t<\/div>\n\t\t\t\t<div class=\"elementor-element elementor-element-807521f elementor-widget elementor-widget-image\" data-id=\"807521f\" data-element_type=\"widget\" data-widget_type=\"image.default\">\n\t\t\t\t\t\t\t\t\t\t\t\t\t\t\t<img fetchpriority=\"high\" decoding=\"async\" width=\"300\" height=\"295\" src=\"https:\/\/volutbeaute.com\/wp-content\/uploads\/2021\/07\/shutterstock_151554833-scaled-1-300x295.jpg\" class=\"attachment-medium size-medium wp-image-3247\" alt=\"\" srcset=\"https:\/\/volutbeaute.com\/wp-content\/uploads\/2021\/07\/shutterstock_151554833-scaled-1-300x295.jpg 300w, https:\/\/volutbeaute.com\/wp-content\/uploads\/2021\/07\/shutterstock_151554833-scaled-1-1024x1007.jpg 1024w, https:\/\/volutbeaute.com\/wp-content\/uploads\/2021\/07\/shutterstock_151554833-scaled-1-768x755.jpg 768w, https:\/\/volutbeaute.com\/wp-content\/uploads\/2021\/07\/shutterstock_151554833-scaled-1-1536x1510.jpg 1536w, https:\/\/volutbeaute.com\/wp-content\/uploads\/2021\/07\/shutterstock_151554833-scaled-1-2048x2014.jpg 2048w, https:\/\/volutbeaute.com\/wp-content\/uploads\/2021\/07\/shutterstock_151554833-scaled-1-600x590.jpg 600w\" sizes=\"(max-width: 300px) 100vw, 300px\" \/>\t\t\t\t\t\t\t\t\t\t\t\t\t\t\t<\/div>\n\t\t<div class=\"elementor-element elementor-element-1ad7749 e-con-full e-flex wpr-particle-no wpr-jarallax-no wpr-parallax-no wpr-sticky-section-no e-con e-child\" data-id=\"1ad7749\" data-element_type=\"container\">\n\t\t\t\t<div class=\"elementor-element elementor-element-fe2cae9 elementor-widget elementor-widget-text-editor\" data-id=\"fe2cae9\" data-element_type=\"widget\" data-widget_type=\"text-editor.default\">\n\t\t\t\t\t\t\t\t\t<div class=\"fw-heading fw-heading-Array \" style=\"text-align: center;\">P\u00f4le Bien-\u00eatre<\/div>\t\t\t\t\t\t\t\t<\/div>\n\t\t\t\t<div class=\"elementor-element elementor-element-897f0ed elementor-widget elementor-widget-text-editor\" data-id=\"897f0ed\" data-element_type=\"widget\" data-widget_type=\"text-editor.default\">\n\t\t\t\t\t\t\t\t\t<p style=\"text-align: center;\">UN ENSEMBLE DE PROFESSIONNELS \u00c0 VOTRE SERVICE<\/p>\t\t\t\t\t\t\t\t<\/div>\n\t\t\t\t<\/div>\n\t\t\t\t<div class=\"elementor-element elementor-element-f26c8ec elementor-widget elementor-widget-text-editor\" data-id=\"f26c8ec\" data-element_type=\"widget\" data-widget_type=\"text-editor.default\">\n\t\t\t\t\t\t\t\t\t<p>Beaut\u00e9 du regard et \u00e9clat du sourire s\u2019associent aux soins du corps, \u00e9pilation ou d\u00e9pilation par lumi\u00e8re puls\u00e9e, onglerie sont autant de services \u00e0 la carte qui r\u00e9v\u00e9leront vos attraits et sublimeront votre charme.<\/p><p>En compl\u00e9ment au p\u00f4le beaut\u00e9,\u00a0<strong>Volut&rsquo;Beaut\u00e9<\/strong>\u00a0propose un ensemble de prestations &lsquo;bien-\u00eatre&rsquo; autour d&rsquo;une \u00e9quipe de professionnels.<\/p><p>S\u00e9ances d\u2019acupuncture, d\u2019ost\u00e9opathie, de r\u00e9flexologie, de massage, de Sweet palping, de Brain gym et d\u2019EFT (Emotional Freedom Techniques) composent cet ensemble de propositions pour avoir\u00a0<strong>un esprit sain dans un corps sain<\/strong>\u00a0resplendissant.<\/p>\t\t\t\t\t\t\t\t<\/div>\n\t\t\t\t\t<\/div>\n\t\t\t\t<\/div>\n\t\t\t\t<\/div>\n\t\t","protected":false},"excerpt":{"rendered":"<p>A propos de nous P\u00f4le Beaut\u00e9 UN NOUVEAU REGARD SUR L&rsquo;ESTH\u00c9TISME Situ\u00e9 au centre de Saint G\u00e9ly-du-Fesc, face de la coop\u00e9rative viticole et \u00e0 c\u00f4t\u00e9 du CIC, le centre\u00a0Volut&rsquo;Beaut\u00e9\u00a0propose un ensemble de prestations beaut\u00e9 et bien-\u00eatre. Forte d\u2019une grande exp\u00e9rience en esth\u00e9tisme et d\u2019une passion pour le relooking, Laurence a su s\u2019entourer d\u2019une \u00e9quipe de professionnels pour apporter un nouveau regard sur le m\u00e9tier de l\u2019esth\u00e9tique. Sp\u00e9cialit\u00e9 dans le maquillage permanent et les soins r\u00e9parateurs afin de valoriser l\u2019image de soi,\u00a0Volut&rsquo;Beaut\u00e9\u00a0favorise la r\u00e9paration identitaire post-traumatique, rend dignit\u00e9 et confiance en soi par la sublimation de la beaut\u00e9 naturelle de chacun. Afin de toujours offrir les meilleurs r\u00e9sultats,\u00a0Volut&rsquo;Beaut\u00e9\u00a0a choisi d\u2019\u0153uvrer avec les pigments Biotek et Maud amiea aux qualit\u00e9s normes europ\u00e9ennes. Des pigments min\u00e9raux, st\u00e9riles, non toxiques. Les couleurs ne virent pas et peuvent se r\u00e9sorber progressivement. Le mat\u00e9riel utilis\u00e9 est de derni\u00e8re g\u00e9n\u00e9ration, \u00e0 usage unique les aiguilles sont ouvertes devant vous et le travail est fait dans le respect des normes d\u2019hygi\u00e8ne.\u00a0 P\u00f4le Bien-\u00eatre UN ENSEMBLE DE PROFESSIONNELS \u00c0 VOTRE SERVICE Beaut\u00e9 du regard et \u00e9clat du sourire s\u2019associent aux soins du corps, \u00e9pilation ou d\u00e9pilation par lumi\u00e8re puls\u00e9e, onglerie sont autant de services \u00e0 la carte qui r\u00e9v\u00e9leront vos attraits et sublimeront votre charme. En compl\u00e9ment au p\u00f4le beaut\u00e9,\u00a0Volut&rsquo;Beaut\u00e9\u00a0propose un ensemble de prestations &lsquo;bien-\u00eatre&rsquo; autour d&rsquo;une \u00e9quipe de professionnels. S\u00e9ances d\u2019acupuncture, d\u2019ost\u00e9opathie, de r\u00e9flexologie, de massage, de Sweet palping, de Brain gym et d\u2019EFT (Emotional Freedom Techniques) composent cet ensemble de propositions pour avoir\u00a0un esprit sain dans un corps sain\u00a0resplendissant.<\/p>\n","protected":false},"author":1,"featured_media":0,"parent":0,"menu_order":0,"comment_status":"closed","ping_status":"closed","template":"","meta":{"site-sidebar-layout":"no-sidebar","site-content-layout":"","ast-site-content-layout":"full-width-container","site-content-style":"default","site-sidebar-style":"default","ast-global-header-display":"","ast-banner-title-visibility":"","ast-main-header-display":"","ast-hfb-above-header-display":"","ast-hfb-below-header-display":"","ast-hfb-mobile-header-display":"","site-post-title":"disabled","ast-breadcrumbs-content":"","ast-featured-img":"disabled","footer-sml-layout":"","theme-transparent-header-meta":"","adv-header-id-meta":"","stick-header-meta":"","header-above-stick-meta":"","header-main-stick-meta":"","header-below-stick-meta":"","astra-migrate-meta-layouts":"default","ast-page-background-enabled":"default","ast-page-background-meta":{"desktop":{"background-color":"var(--ast-global-color-5)","background-image":"","background-repeat":"repeat","background-position":"center center","background-size":"auto","background-attachment":"scroll","background-type":"","background-media":"","overlay-type":"","overlay-color":"","overlay-opacity":"","overlay-gradient":""},"tablet":{"background-color":"","background-image":"","background-repeat":"repeat","background-position":"center center","background-size":"auto","background-attachment":"scroll","background-type":"","background-media":"","overlay-type":"","overlay-color":"","overlay-opacity":"","overlay-gradient":""},"mobile":{"background-color":"","background-image":"","background-repeat":"repeat","background-position":"center center","background-size":"auto","background-attachment":"scroll","background-type":"","background-media":"","overlay-type":"","overlay-color":"","overlay-opacity":"","overlay-gradient":""}},"ast-content-background-meta":{"desktop":{"background-color":"var(--ast-global-color-4)","background-image":"","background-repeat":"repeat","background-position":"center center","background-size":"auto","background-attachment":"scroll","background-type":"","background-media":"","overlay-type":"","overlay-color":"","overlay-opacity":"","overlay-gradient":""},"tablet":{"background-color":"var(--ast-global-color-4)","background-image":"","background-repeat":"repeat","background-position":"center center","background-size":"auto","background-attachment":"scroll","background-type":"","background-media":"","overlay-type":"","overlay-color":"","overlay-opacity":"","overlay-gradient":""},"mobile":{"background-color":"var(--ast-global-color-4)","background-image":"","background-repeat":"repeat","background-position":"center center","background-size":"auto","background-attachment":"scroll","background-type":"","background-media":"","overlay-type":"","overlay-color":"","overlay-opacity":"","overlay-gradient":""}},"footnotes":""},"class_list":["post-4721","page","type-page","status-publish","hentry"],"jetpack_sharing_enabled":true,"_links":{"self":[{"href":"https:\/\/volutbeaute.com\/index.php?rest_route=\/wp\/v2\/pages\/4721","targetHints":{"allow":["GET"]}}],"collection":[{"href":"https:\/\/volutbeaute.com\/index.php?rest_route=\/wp\/v2\/pages"}],"about":[{"href":"https:\/\/volutbeaute.com\/index.php?rest_route=\/wp\/v2\/types\/page"}],"author":[{"embeddable":true,"href":"https:\/\/volutbeaute.com\/index.php?rest_route=\/wp\/v2\/users\/1"}],"replies":[{"embeddable":true,"href":"https:\/\/volutbeaute.com\/index.php?rest_route=%2Fwp%2Fv2%2Fcomments&post=4721"}],"version-history":[{"count":7,"href":"https:\/\/volutbeaute.com\/index.php?rest_route=\/wp\/v2\/pages\/4721\/revisions"}],"predecessor-version":[{"id":4836,"href":"https:\/\/volutbeaute.com\/index.php?rest_route=\/wp\/v2\/pages\/4721\/revisions\/4836"}],"wp:attachment":[{"href":"https:\/\/volutbeaute.com\/index.php?rest_route=%2Fwp%2Fv2%2Fmedia&parent=4721"}],"curies":[{"name":"wp","href":"https:\/\/api.w.org\/{rel}","templated":true}]}}